{"id":114,"date":"2025-11-24T15:08:50","date_gmt":"2025-11-24T15:08:50","guid":{"rendered":"https:\/\/zenthoraccesorios.com.ar\/?post_type=product&#038;p=114"},"modified":"2025-11-24T19:17:38","modified_gmt":"2025-11-24T19:17:38","slug":"relojes-en-salta","status":"publish","type":"product","link":"https:\/\/zenthoraccesorios.com.ar\/?product=relojes-en-salta","title":{"rendered":"Reloj Lux Night"},"content":{"rendered":"","protected":false},"excerpt":{"rendered":"<p data-start=\"113\" data-end=\"404\">Este reloj combina estilo y comodidad gracias a su <strong data-start=\"164\" data-end=\"182\">malla met\u00e1lica<\/strong>, resistente y elegante. Su <strong data-start=\"210\" data-end=\"240\">dial de 2.5 cm de di\u00e1metro<\/strong> ofrece un dise\u00f1o discreto y sofisticado, acompa\u00f1ado por una <strong data-start=\"301\" data-end=\"329\">banda de 1.5 cm de ancho<\/strong> que se adapta c\u00f3modamente a la mu\u00f1eca con una <strong data-start=\"376\" data-end=\"403\">longitud total de 20 cm<\/strong>.<\/p>\n<p data-start=\"406\" data-end=\"577\">Funciona con <strong data-start=\"419\" data-end=\"443\">movimiento de cuarzo<\/strong>, garantizando precisi\u00f3n, confiabilidad y bajo mantenimiento. Una pieza ideal para el uso diario o para complementar un look elegante.<\/p>\n","protected":false},"featured_media":115,"comment_status":"open","ping_status":"closed","template":"","meta":[],"product_brand":[],"product_cat":[16],"product_tag":[],"class_list":{"0":"post-114","1":"product","2":"type-product","3":"status-publish","4":"has-post-thumbnail","6":"product_cat-relojes","8":"first","9":"instock","10":"shipping-taxable","11":"purchasable","12":"product-type-simple"},"yoast_head":"<!-- This site is optimized with the Yoast SEO plugin v26.8 - https:\/\/yoast.com\/product\/yoast-seo-wordpress\/ -->\n<title>Reloj Lux Night - Relojes y accesorios en Salta Capital<\/title>\n<meta name=\"description\" content=\"\u201cVenta de relojes y accesorios en Salta. Modelos premium, precios accesibles y env\u00edos gratis en toda la ciudad. Compr\u00e1 f\u00e1cil, r\u00e1pido y con entrega inmediata.\u201d\" \/>\n<meta name=\"robots\" content=\"index, follow, max-snippet:-1, max-image-preview:large, max-video-preview:-1\" \/>\n<link rel=\"canonical\" href=\"https:\/\/zenthoraccesorios.com.ar\/?product=relojes-en-salta\" \/>\n<meta property=\"og:locale\" content=\"es_ES\" \/>\n<meta property=\"og:type\" content=\"article\" \/>\n<meta property=\"og:title\" content=\"Reloj Lux Night - Relojes y accesorios en Salta Capital\" \/>\n<meta property=\"og:description\" content=\"\u201cVenta de relojes y accesorios en Salta. Modelos premium, precios accesibles y env\u00edos gratis en toda la ciudad. Compr\u00e1 f\u00e1cil, r\u00e1pido y con entrega inmediata.\u201d\" \/>\n<meta property=\"og:url\" content=\"https:\/\/zenthoraccesorios.com.ar\/?product=relojes-en-salta\" \/>\n<meta property=\"og:site_name\" content=\"Relojes y accesorios en Salta Capital\" \/>\n<meta property=\"article:modified_time\" content=\"2025-11-24T19:17:38+00:00\" \/>\n<meta property=\"og:image\" content=\"https:\/\/zenthoraccesorios.com.ar\/wp-content\/uploads\/2025\/11\/zenthor-anabella-relojes-en-salta-001.jpg\" \/>\n\t<meta property=\"og:image:width\" content=\"763\" \/>\n\t<meta property=\"og:image:height\" content=\"763\" \/>\n\t<meta property=\"og:image:type\" content=\"image\/jpeg\" \/>\n<meta name=\"twitter:card\" content=\"summary_large_image\" \/>\n<meta name=\"twitter:label1\" content=\"Tiempo de lectura\" \/>\n\t<meta name=\"twitter:data1\" content=\"1 minuto\" \/>\n<script type=\"application\/ld+json\" class=\"yoast-schema-graph\">{\"@context\":\"https:\/\/schema.org\",\"@graph\":[{\"@type\":\"WebPage\",\"@id\":\"https:\/\/zenthoraccesorios.com.ar\/?product=relojes-en-salta\",\"url\":\"https:\/\/zenthoraccesorios.com.ar\/?product=relojes-en-salta\",\"name\":\"Reloj Lux Night - Relojes y accesorios en Salta Capital\",\"isPartOf\":{\"@id\":\"https:\/\/zenthoraccesorios.com.ar\/#website\"},\"primaryImageOfPage\":{\"@id\":\"https:\/\/zenthoraccesorios.com.ar\/?product=relojes-en-salta#primaryimage\"},\"image\":{\"@id\":\"https:\/\/zenthoraccesorios.com.ar\/?product=relojes-en-salta#primaryimage\"},\"thumbnailUrl\":\"https:\/\/zenthoraccesorios.com.ar\/wp-content\/uploads\/2025\/11\/zenthor-anabella-relojes-en-salta-001.jpg\",\"datePublished\":\"2025-11-24T15:08:50+00:00\",\"dateModified\":\"2025-11-24T19:17:38+00:00\",\"description\":\"\u201cVenta de relojes y accesorios en Salta. Modelos premium, precios accesibles y env\u00edos gratis en toda la ciudad. Compr\u00e1 f\u00e1cil, r\u00e1pido y con entrega inmediata.\u201d\",\"breadcrumb\":{\"@id\":\"https:\/\/zenthoraccesorios.com.ar\/?product=relojes-en-salta#breadcrumb\"},\"inLanguage\":\"es\",\"potentialAction\":[{\"@type\":\"ReadAction\",\"target\":[\"https:\/\/zenthoraccesorios.com.ar\/?product=relojes-en-salta\"]}]},{\"@type\":\"ImageObject\",\"inLanguage\":\"es\",\"@id\":\"https:\/\/zenthoraccesorios.com.ar\/?product=relojes-en-salta#primaryimage\",\"url\":\"https:\/\/zenthoraccesorios.com.ar\/wp-content\/uploads\/2025\/11\/zenthor-anabella-relojes-en-salta-001.jpg\",\"contentUrl\":\"https:\/\/zenthoraccesorios.com.ar\/wp-content\/uploads\/2025\/11\/zenthor-anabella-relojes-en-salta-001.jpg\",\"width\":763,\"height\":763},{\"@type\":\"BreadcrumbList\",\"@id\":\"https:\/\/zenthoraccesorios.com.ar\/?product=relojes-en-salta#breadcrumb\",\"itemListElement\":[{\"@type\":\"ListItem\",\"position\":1,\"name\":\"Portada\",\"item\":\"https:\/\/zenthoraccesorios.com.ar\/\"},{\"@type\":\"ListItem\",\"position\":2,\"name\":\"Tienda\",\"item\":\"https:\/\/zenthoraccesorios.com.ar\/?page_id=44\"},{\"@type\":\"ListItem\",\"position\":3,\"name\":\"Reloj Lux Night\"}]},{\"@type\":\"WebSite\",\"@id\":\"https:\/\/zenthoraccesorios.com.ar\/#website\",\"url\":\"https:\/\/zenthoraccesorios.com.ar\/\",\"name\":\"Relojes y accesorios en Salta Capital\",\"description\":\"\",\"publisher\":{\"@id\":\"https:\/\/zenthoraccesorios.com.ar\/#organization\"},\"potentialAction\":[{\"@type\":\"SearchAction\",\"target\":{\"@type\":\"EntryPoint\",\"urlTemplate\":\"https:\/\/zenthoraccesorios.com.ar\/?s={search_term_string}\"},\"query-input\":{\"@type\":\"PropertyValueSpecification\",\"valueRequired\":true,\"valueName\":\"search_term_string\"}}],\"inLanguage\":\"es\"},{\"@type\":\"Organization\",\"@id\":\"https:\/\/zenthoraccesorios.com.ar\/#organization\",\"name\":\"Relojes y accesorios en Salta Capital\",\"url\":\"https:\/\/zenthoraccesorios.com.ar\/\",\"logo\":{\"@type\":\"ImageObject\",\"inLanguage\":\"es\",\"@id\":\"https:\/\/zenthoraccesorios.com.ar\/#\/schema\/logo\/image\/\",\"url\":\"https:\/\/zenthoraccesorios.com.ar\/wp-content\/uploads\/2025\/11\/zenthor-relojes-en-Salta-logo-012.png\",\"contentUrl\":\"https:\/\/zenthoraccesorios.com.ar\/wp-content\/uploads\/2025\/11\/zenthor-relojes-en-Salta-logo-012.png\",\"width\":475,\"height\":175,\"caption\":\"Relojes y accesorios en Salta Capital\"},\"image\":{\"@id\":\"https:\/\/zenthoraccesorios.com.ar\/#\/schema\/logo\/image\/\"}}]}<\/script>\n<!-- \/ Yoast SEO plugin. -->","yoast_head_json":{"title":"Reloj Lux Night - Relojes y accesorios en Salta Capital","description":"\u201cVenta de relojes y accesorios en Salta. Modelos premium, precios accesibles y env\u00edos gratis en toda la ciudad. Compr\u00e1 f\u00e1cil, r\u00e1pido y con entrega inmediata.\u201d","robots":{"index":"index","follow":"follow","max-snippet":"max-snippet:-1","max-image-preview":"max-image-preview:large","max-video-preview":"max-video-preview:-1"},"canonical":"https:\/\/zenthoraccesorios.com.ar\/?product=relojes-en-salta","og_locale":"es_ES","og_type":"article","og_title":"Reloj Lux Night - Relojes y accesorios en Salta Capital","og_description":"\u201cVenta de relojes y accesorios en Salta. Modelos premium, precios accesibles y env\u00edos gratis en toda la ciudad. Compr\u00e1 f\u00e1cil, r\u00e1pido y con entrega inmediata.\u201d","og_url":"https:\/\/zenthoraccesorios.com.ar\/?product=relojes-en-salta","og_site_name":"Relojes y accesorios en Salta Capital","article_modified_time":"2025-11-24T19:17:38+00:00","og_image":[{"width":763,"height":763,"url":"https:\/\/zenthoraccesorios.com.ar\/wp-content\/uploads\/2025\/11\/zenthor-anabella-relojes-en-salta-001.jpg","type":"image\/jpeg"}],"twitter_card":"summary_large_image","twitter_misc":{"Tiempo de lectura":"1 minuto"},"schema":{"@context":"https:\/\/schema.org","@graph":[{"@type":"WebPage","@id":"https:\/\/zenthoraccesorios.com.ar\/?product=relojes-en-salta","url":"https:\/\/zenthoraccesorios.com.ar\/?product=relojes-en-salta","name":"Reloj Lux Night - Relojes y accesorios en Salta Capital","isPartOf":{"@id":"https:\/\/zenthoraccesorios.com.ar\/#website"},"primaryImageOfPage":{"@id":"https:\/\/zenthoraccesorios.com.ar\/?product=relojes-en-salta#primaryimage"},"image":{"@id":"https:\/\/zenthoraccesorios.com.ar\/?product=relojes-en-salta#primaryimage"},"thumbnailUrl":"https:\/\/zenthoraccesorios.com.ar\/wp-content\/uploads\/2025\/11\/zenthor-anabella-relojes-en-salta-001.jpg","datePublished":"2025-11-24T15:08:50+00:00","dateModified":"2025-11-24T19:17:38+00:00","description":"\u201cVenta de relojes y accesorios en Salta. Modelos premium, precios accesibles y env\u00edos gratis en toda la ciudad. Compr\u00e1 f\u00e1cil, r\u00e1pido y con entrega inmediata.\u201d","breadcrumb":{"@id":"https:\/\/zenthoraccesorios.com.ar\/?product=relojes-en-salta#breadcrumb"},"inLanguage":"es","potentialAction":[{"@type":"ReadAction","target":["https:\/\/zenthoraccesorios.com.ar\/?product=relojes-en-salta"]}]},{"@type":"ImageObject","inLanguage":"es","@id":"https:\/\/zenthoraccesorios.com.ar\/?product=relojes-en-salta#primaryimage","url":"https:\/\/zenthoraccesorios.com.ar\/wp-content\/uploads\/2025\/11\/zenthor-anabella-relojes-en-salta-001.jpg","contentUrl":"https:\/\/zenthoraccesorios.com.ar\/wp-content\/uploads\/2025\/11\/zenthor-anabella-relojes-en-salta-001.jpg","width":763,"height":763},{"@type":"BreadcrumbList","@id":"https:\/\/zenthoraccesorios.com.ar\/?product=relojes-en-salta#breadcrumb","itemListElement":[{"@type":"ListItem","position":1,"name":"Portada","item":"https:\/\/zenthoraccesorios.com.ar\/"},{"@type":"ListItem","position":2,"name":"Tienda","item":"https:\/\/zenthoraccesorios.com.ar\/?page_id=44"},{"@type":"ListItem","position":3,"name":"Reloj Lux Night"}]},{"@type":"WebSite","@id":"https:\/\/zenthoraccesorios.com.ar\/#website","url":"https:\/\/zenthoraccesorios.com.ar\/","name":"Relojes y accesorios en Salta Capital","description":"","publisher":{"@id":"https:\/\/zenthoraccesorios.com.ar\/#organization"},"potentialAction":[{"@type":"SearchAction","target":{"@type":"EntryPoint","urlTemplate":"https:\/\/zenthoraccesorios.com.ar\/?s={search_term_string}"},"query-input":{"@type":"PropertyValueSpecification","valueRequired":true,"valueName":"search_term_string"}}],"inLanguage":"es"},{"@type":"Organization","@id":"https:\/\/zenthoraccesorios.com.ar\/#organization","name":"Relojes y accesorios en Salta Capital","url":"https:\/\/zenthoraccesorios.com.ar\/","logo":{"@type":"ImageObject","inLanguage":"es","@id":"https:\/\/zenthoraccesorios.com.ar\/#\/schema\/logo\/image\/","url":"https:\/\/zenthoraccesorios.com.ar\/wp-content\/uploads\/2025\/11\/zenthor-relojes-en-Salta-logo-012.png","contentUrl":"https:\/\/zenthoraccesorios.com.ar\/wp-content\/uploads\/2025\/11\/zenthor-relojes-en-Salta-logo-012.png","width":475,"height":175,"caption":"Relojes y accesorios en Salta Capital"},"image":{"@id":"https:\/\/zenthoraccesorios.com.ar\/#\/schema\/logo\/image\/"}}]}},"jetpack_sharing_enabled":true,"_links":{"self":[{"href":"https:\/\/zenthoraccesorios.com.ar\/index.php?rest_route=\/wp\/v2\/product\/114","targetHints":{"allow":["GET"]}}],"collection":[{"href":"https:\/\/zenthoraccesorios.com.ar\/index.php?rest_route=\/wp\/v2\/product"}],"about":[{"href":"https:\/\/zenthoraccesorios.com.ar\/index.php?rest_route=\/wp\/v2\/types\/product"}],"replies":[{"embeddable":true,"href":"https:\/\/zenthoraccesorios.com.ar\/index.php?rest_route=%2Fwp%2Fv2%2Fcomments&post=114"}],"wp:featuredmedia":[{"embeddable":true,"href":"https:\/\/zenthoraccesorios.com.ar\/index.php?rest_route=\/wp\/v2\/media\/115"}],"wp:attachment":[{"href":"https:\/\/zenthoraccesorios.com.ar\/index.php?rest_route=%2Fwp%2Fv2%2Fmedia&parent=114"}],"wp:term":[{"taxonomy":"product_brand","embeddable":true,"href":"https:\/\/zenthoraccesorios.com.ar\/index.php?rest_route=%2Fwp%2Fv2%2Fproduct_brand&post=114"},{"taxonomy":"product_cat","embeddable":true,"href":"https:\/\/zenthoraccesorios.com.ar\/index.php?rest_route=%2Fwp%2Fv2%2Fproduct_cat&post=114"},{"taxonomy":"product_tag","embeddable":true,"href":"https:\/\/zenthoraccesorios.com.ar\/index.php?rest_route=%2Fwp%2Fv2%2Fproduct_tag&post=114"}],"curies":[{"name":"wp","href":"https:\/\/api.w.org\/{rel}","templated":true}]}}